{"id":18117,"date":"2024-03-04T12:28:18","date_gmt":"2024-03-04T11:28:18","guid":{"rendered":"https:\/\/daisec.de\/?page_id=18117"},"modified":"2024-04-04T15:43:51","modified_gmt":"2024-04-04T13:43:51","slug":"digitaler-stress-herausforderungen-der-arbeit-4-0-belastungen-reduzieren","status":"publish","type":"page","link":"https:\/\/daisec.de\/en\/lernnuggets\/digitalisierung\/digitaler-stress-herausforderungen-der-arbeit-4-0-belastungen-reduzieren\/","title":{"rendered":"Digital stress: Challenges of work 4.0 - reducing stress"},"content":{"rendered":"<div data-colibri-id=\"18117-c1\" class=\"style-6111 style-local-18117-c1 position-relative\">\n  <!---->\n  <div data-colibri-component=\"section\" data-colibri-id=\"18117-c2\" id=\"initial-content\" class=\"h-section h-section-global-spacing d-flex align-items-lg-center align-items-md-center align-items-center style-6112 style-local-18117-c2 position-relative\">\n    <!---->\n    <!---->\n    <div class=\"h-section-grid-container h-section-boxed-container\">\n      <!---->\n      <div data-colibri-id=\"18117-c3\" class=\"h-row-container gutters-row-lg-2 gutters-row-md-2 gutters-row-0 gutters-row-v-lg-2 gutters-row-v-md-2 gutters-row-v-2 style-6116 style-local-18117-c3 position-relative\">\n        <!---->\n        <div class=\"h-row justify-content-lg-center justify-content-md-center justify-content-center align-items-lg-stretch align-items-md-stretch align-items-stretch gutters-col-lg-2 gutters-col-md-2 gutters-col-0 gutters-col-v-lg-2 gutters-col-v-md-2 gutters-col-v-2\">\n          <!---->\n          <div class=\"h-column h-column-container d-flex h-col-lg-auto h-col-md-auto h-col-auto style-6117-outer style-local-18117-c4-outer\">\n            <div data-colibri-id=\"18117-c4\" class=\"d-flex h-flex-basis h-column__inner h-px-lg-2 h-px-md-2 h-px-2 v-inner-lg-2 v-inner-md-2 v-inner-2 style-6117 style-local-18117-c4 position-relative\">\n              <!---->\n              <!---->\n              <div class=\"w-100 h-y-container h-column__content h-column__v-align flex-basis-100 align-self-lg-start align-self-md-start align-self-start\">\n                <!---->\n                <div data-colibri-id=\"18117-c5\" class=\"h-x-container style-6120 style-local-18117-c5 position-relative h-element\">\n                  <!---->\n                  <div class=\"h-x-container-inner style-dynamic-18117-c5-group style-6120-spacing style-local-18117-c5-spacing\"><span class=\"h-button__outer style-5756-outer style-local-18117-c6-outer d-inline-flex h-element\"><a h-use-smooth-scroll=\"true\" href=\"https:\/\/daisec.de\/en\/lernnuggets-lernvideos\/digitalisierung\/\"  data-colibri-id=\"18117-c6\" class=\"d-flex w-100 align-items-center h-button justify-content-lg-center justify-content-md-center justify-content-center style-5756 style-local-18117-c6 position-relative\"><!----><span  class=\"h-svg-icon h-button__icon style-5756-icon style-local-18117-c6-icon\"><!--Icon by Ionicons (https:\/\/ionicons.com)--><svg version=\"1.1\" xmlns=\"http:\/\/www.w3.org\/2000\/svg\" xmlns:xlink=\"http:\/\/www.w3.org\/1999\/xlink\" id=\"android-arrow-back\" viewbox=\"0 0 342 512\"><path d=\"M342 235v42H82l119 120-30 30L0 256 171 85l31 30L82 235h260z\"><\/path><\/svg><\/span>                    <span>Zu allen Lernnuggets<\/span><\/a>\n                    <\/span>\n                  <\/div>\n                <\/div>\n              <\/div>\n            <\/div>\n          <\/div>\n        <\/div>\n      <\/div>\n      <div data-colibri-id=\"18117-c10\" class=\"h-row-container gutters-row-lg-2 gutters-row-md-2 gutters-row-0 gutters-row-v-lg-2 gutters-row-v-md-2 gutters-row-v-2 style-6285 style-local-18117-c10 position-relative\">\n        <!---->\n        <div class=\"h-row justify-content-lg-center justify-content-md-center justify-content-center align-items-lg-stretch align-items-md-stretch align-items-stretch gutters-col-lg-2 gutters-col-md-2 gutters-col-0 gutters-col-v-lg-2 gutters-col-v-md-2 gutters-col-v-2\">\n          <!---->\n          <div class=\"h-column h-column-container d-flex h-col-lg-auto h-col-md-auto h-col-auto style-6286-outer style-local-18117-c11-outer\">\n            <div data-colibri-id=\"18117-c11\" class=\"d-flex h-flex-basis h-column__inner h-px-lg-2 h-px-md-2 h-px-2 v-inner-lg-2 v-inner-md-2 v-inner-2 style-6286 style-local-18117-c11 position-relative\">\n              <!---->\n              <!---->\n              <div class=\"w-100 h-y-container h-column__content h-column__v-align flex-basis-100 align-self-lg-start align-self-md-start align-self-start\">\n                <!---->\n                <div data-colibri-id=\"18117-c12\" class=\"style-6287 style-local-18117-c12 position-relative h-element\">\n                  <!---->\n                  <div class=\"\">\n                    <iframe data-src=\"https:\/\/daisec.de\/wp-content\/uploads\/2024\/04\/index.html\" height=\"800\" width=\"800\" src=\"data:image\/svg+xml;base64,PHN2ZyB3aWR0aD0iMSIgaGVpZ2h0PSIxIiB4bWxucz0iaHR0cDovL3d3dy53My5vcmcvMjAwMC9zdmciPjwvc3ZnPg==\" class=\"lazyload\" data-load-mode=\"1\"><\/iframe>\n                  <\/div>\n                <\/div>\n              <\/div>\n            <\/div>\n          <\/div>\n        <\/div>\n      <\/div>\n      <div data-colibri-id=\"18117-c7\" class=\"h-row-container gutters-row-lg-2 gutters-row-md-2 gutters-row-0 gutters-row-v-lg-2 gutters-row-v-md-2 gutters-row-v-2 style-6113 style-local-18117-c7 position-relative\">\n        <!---->\n        <div class=\"h-row justify-content-lg-center justify-content-md-center justify-content-center align-items-lg-stretch align-items-md-stretch align-items-stretch gutters-col-lg-2 gutters-col-md-2 gutters-col-0 gutters-col-v-lg-2 gutters-col-v-md-2 gutters-col-v-2\">\n          <!---->\n          <div class=\"h-column h-column-container d-flex h-col-lg-auto h-col-md-auto h-col-auto style-6114-outer style-local-18117-c8-outer\">\n            <div data-colibri-id=\"18117-c8\" class=\"d-flex h-flex-basis h-column__inner h-px-lg-2 h-px-md-2 h-px-2 v-inner-lg-2 v-inner-md-2 v-inner-2 style-6114 style-local-18117-c8 position-relative\">\n              <!---->\n              <!---->\n              <div class=\"w-100 h-y-container h-column__content h-column__v-align flex-basis-100 align-self-lg-start align-self-md-start align-self-start\">\n                <!---->\n                <div data-colibri-id=\"18117-c9\" class=\"style-6115 style-local-18117-c9 position-relative h-element\">\n                  <!---->\n                  <div>\n                    \n\n                    \n                    <p class=\"has-colibri-color-6-color has-text-color has-link-color wp-elements-573b7b80c121130d486e5e595bb8a504\" style=\"font-size:16px;font-style:normal;font-weight:400\">This learning nugget provides you with a structured approach to creating a digitalisation plan. This provides an overview of how digitalisation solutions can be implemented in your company.<\/p>\n                    \n\n                    \n                    <p class=\"has-colibri-color-6-color has-text-color has-link-color wp-elements-a66cfa6ce7e4a9783a051cf7fa65c980\" style=\"font-size:16px;font-style:normal;font-weight:400\">Dieses Lernnugget wird in Kooperation mit unserem Kernpartner\n                      <a href=\"https:\/\/digitalzentrum-hannover.de\" target=\"_blank\" rel=\"noreferrer noopener\">Mittelstand Digital Centre Hanover<\/a> zur Verf\u00fcgung gestellt.<\/p>\n                    \n                  <\/div>\n                <\/div>\n              <\/div>\n            <\/div>\n          <\/div>\n        <\/div>\n      <\/div>\n    <\/div>\n  <\/div>\n<\/div>","protected":false},"excerpt":{"rendered":"<p>Zu allen Lernnuggets In diesem Lernnugget wird Ihnen eine strukturierte Vorgehensweise zur Erstellung eines Digitalisierungsplans dargelegt. Dieser liefert einen \u00dcberblick dar\u00fcber, wie Digitalisierungsl\u00f6sungen in Ihrem Unternehmen umgesetzt werden k\u00f6nnen. Dieses [&hellip;]<\/p>\n","protected":false},"author":6,"featured_media":0,"parent":18044,"menu_order":0,"comment_status":"closed","ping_status":"closed","template":"page-templates\/full-width-page.php","meta":{"_tec_requires_first_save":true,"_price":"","_stock":"","_tribe_ticket_header":"","_tribe_default_ticket_provider":"","_tribe_ticket_capacity":"0","_ticket_start_date":"","_ticket_end_date":"","_tribe_ticket_show_description":"","_tribe_ticket_show_not_going":false,"_tribe_ticket_use_global_stock":"","_tribe_ticket_global_stock_level":"","_global_stock_mode":"","_global_stock_cap":"","_tribe_rsvp_for_event":"","_tribe_ticket_going_count":"","_tribe_ticket_not_going_count":"","_tribe_tickets_list":"[]","_tribe_ticket_has_attendee_info_fields":false,"_EventAllDay":false,"_EventTimezone":"","_EventStartDate":"","_EventEndDate":"","_EventStartDateUTC":"","_EventEndDateUTC":"","_EventShowMap":false,"_EventShowMapLink":false,"_EventURL":"","_EventCost":"","_EventCostDescription":"","_EventCurrencySymbol":"","_EventCurrencyCode":"","_EventCurrencyPosition":"","_EventDateTimeSeparator":"","_EventTimeRangeSeparator":"","_EventOrganizerID":[],"_EventVenueID":[],"_OrganizerEmail":"","_OrganizerPhone":"","_OrganizerWebsite":"","_VenueAddress":"","_VenueCity":"","_VenueCountry":"","_VenueProvince":"","_VenueState":"","_VenueZip":"","_VenuePhone":"","_VenueURL":"","_VenueStateProvince":"","_VenueLat":"","_VenueLng":"","_VenueShowMap":false,"_VenueShowMapLink":false,"_tribe_blocks_recurrence_rules":"","_tribe_blocks_recurrence_description":"","_tribe_blocks_recurrence_exclusions":"","footnotes":"","_tec_slr_enabled":"","_tec_slr_layout":""},"class_list":["post-18117","page","type-page","status-publish","hentry"],"ticketed":false,"_links":{"self":[{"href":"https:\/\/daisec.de\/en\/wp-json\/wp\/v2\/pages\/18117","targetHints":{"allow":["GET"]}}],"collection":[{"href":"https:\/\/daisec.de\/en\/wp-json\/wp\/v2\/pages"}],"about":[{"href":"https:\/\/daisec.de\/en\/wp-json\/wp\/v2\/types\/page"}],"author":[{"embeddable":true,"href":"https:\/\/daisec.de\/en\/wp-json\/wp\/v2\/users\/6"}],"replies":[{"embeddable":true,"href":"https:\/\/daisec.de\/en\/wp-json\/wp\/v2\/comments?post=18117"}],"version-history":[{"count":0,"href":"https:\/\/daisec.de\/en\/wp-json\/wp\/v2\/pages\/18117\/revisions"}],"up":[{"embeddable":true,"href":"https:\/\/daisec.de\/en\/wp-json\/wp\/v2\/pages\/18044"}],"wp:attachment":[{"href":"https:\/\/daisec.de\/en\/wp-json\/wp\/v2\/media?parent=18117"}],"curies":[{"name":"wp","href":"https:\/\/api.w.org\/{rel}","templated":true}]}}