{"id":26493,"date":"2025-11-03T10:15:01","date_gmt":"2025-11-03T09:15:01","guid":{"rendered":"https:\/\/daisec.de\/?page_id=26493"},"modified":"2025-11-03T16:08:58","modified_gmt":"2025-11-03T15:08:58","slug":"ki-chatbot-unterricht-lernen","status":"publish","type":"page","link":"https:\/\/daisec.de\/en\/praxisbeispiele\/ki-chatbot-unterricht-lernen\/","title":{"rendered":"Hybrid learning with AI: A chatbot for teaching"},"content":{"rendered":"<div data-colibri-id=\"26493-c1\" class=\"style-7931 style-local-26493-c1 position-relative\">\n  <!---->\n  <div data-colibri-component=\"section\" data-colibri-id=\"26493-c2\" id=\"reusable-sections-8\" class=\"h-section h-section-global-spacing d-flex align-items-lg-center align-items-md-center align-items-center style-7932 style-local-26493-c2 position-relative\">\n    <!---->\n    <!---->\n    <div class=\"h-section-grid-container h-section-fluid-container\">\n      <!---->\n      <div data-colibri-id=\"26493-c3\" class=\"h-row-container gutters-row-lg-0 gutters-row-md-0 gutters-row-0 gutters-row-v-lg-0 gutters-row-v-md-0 gutters-row-v-0 style-7933 style-local-26493-c3 position-relative\">\n        <div class=\"background-wrapper\">\n          <div class=\"background-layer background-layer-media-container-lg\">\n            <!---->\n            <div class=\"overlay-layer\">\n              <div class=\"overlay-image-layer\" style=\"background-image: linear-gradient(90deg, rgb(61, 140, 137) 40%, rgba(61, 140, 137, 0) 100%);\"><\/div>\n            <\/div>\n          <\/div>\n          <div class=\"background-layer background-layer-media-container-md\">\n            <!---->\n            <div class=\"overlay-layer\">\n              <div class=\"overlay-image-layer\" style=\"background-image: linear-gradient(90deg, rgb(61, 140, 137) 40%, rgba(61, 140, 137, 0) 100%);\"><\/div>\n            <\/div>\n          <\/div>\n          <div class=\"background-layer background-layer-media-container\">\n            <!---->\n            <div class=\"overlay-layer\">\n              <div class=\"overlay-image-layer\" style=\"background-image: linear-gradient(90deg, rgba(61, 140, 137, 0.8) 100%, rgba(61, 140, 137, 0) 0%);\"><\/div>\n            <\/div>\n          <\/div>\n        <\/div>\n        <div class=\"h-row justify-content-lg-start justify-content-md-start justify-content-start align-items-lg-stretch align-items-md-stretch align-items-stretch gutters-col-lg-0 gutters-col-md-0 gutters-col-0 gutters-col-v-lg-0 gutters-col-v-md-0 gutters-col-v-0\">\n          <!---->\n          <div class=\"h-column h-column-container d-flex h-col-lg-auto h-col-md-auto h-col-auto style-7934-outer style-local-26493-c4-outer\">\n            <div data-colibri-id=\"26493-c4\" class=\"d-flex h-flex-basis h-column__inner h-px-lg-0 h-px-md-0 h-px-0 v-inner-lg-0 v-inner-md-0 v-inner-0 style-7934 style-local-26493-c4 position-relative\">\n              <!---->\n              <!---->\n              <div class=\"w-100 h-y-container h-column__content h-column__v-align flex-basis-100 align-self-lg-center align-self-md-center align-self-center\">\n                <!---->\n                <div data-colibri-id=\"26493-c5\" class=\"h-lead h-text h-text-component style-7935 style-local-26493-c5 position-relative h-element\">\n                  <!---->\n                  <!---->\n                  <div class=\"\">\n                    <p>Vocational education faces the challenge of integrating modern technologies into teaching in a meaningful way, especially where students need individual support that goes beyond mere classroom attendance. Against this backdrop, BBS Burgdorf came up with the idea of combining digital learning support with the expert knowledge of teachers using artificial intelligence.<\/p>\n                  <\/div>\n                <\/div>\n              <\/div>\n            <\/div>\n          <\/div>\n        <\/div>\n      <\/div>\n    <\/div>\n  <\/div>\n  <div data-colibri-component=\"section\" data-colibri-id=\"26493-c6\" id=\"reusable-sections\" class=\"h-section h-section-global-spacing d-flex align-items-lg-center align-items-md-center align-items-center style-7936 style-local-26493-c6 position-relative\">\n    <!---->\n    <!---->\n    <div class=\"h-section-grid-container h-section-boxed-container\">\n      <!---->\n      <div data-colibri-id=\"26493-c7\" class=\"h-row-container gutters-row-lg-2 gutters-row-md-1 gutters-row-0 gutters-row-v-lg-2 gutters-row-v-md-1 gutters-row-v-2 style-7937 style-local-26493-c7 position-relative\">\n        <!---->\n        <div class=\"h-row justify-content-lg-center justify-content-md-center justify-content-center align-items-lg-stretch align-items-md-stretch align-items-stretch gutters-col-lg-2 gutters-col-md-1 gutters-col-0 gutters-col-v-lg-2 gutters-col-v-md-1 gutters-col-v-2\">\n          <!---->\n          <div class=\"h-column h-column-container d-flex h-col-lg-12 h-col-md-12 h-col-12 style-7938-outer style-local-26493-c8-outer\">\n            <div data-colibri-id=\"26493-c8\" class=\"d-flex h-flex-basis h-column__inner h-px-lg-2 h-px-md-1 h-px-2 v-inner-lg-2 v-inner-md-1 v-inner-2 style-7938 style-local-26493-c8 position-relative\">\n              <!---->\n              <!---->\n              <div class=\"w-100 h-y-container h-column__content h-column__v-align flex-basis-100 align-self-lg-start align-self-md-start align-self-start\">\n                <!---->\n                <div data-colibri-id=\"26493-c9\" class=\"h-global-transition-all h-heading style-7939 style-local-26493-c9 position-relative h-element\">\n                  <!---->\n                  <div class=\"h-heading__outer style-7939 style-local-26493-c9\">\n                    <!---->\n                    <!---->\n                    <h5 class=\"\">How can AI support teaching?<\/h5>\n                  <\/div>\n                <\/div>\n                <div data-colibri-id=\"26493-c10\" class=\"h-text h-text-component style-7940 style-local-26493-c10 position-relative h-element\">\n                  <!---->\n                  <!---->\n                  <div class=\"\">\n                    <p>The goal of BBS Burgdorf was to develop an AI-based chatbot that would be available to students as a supplementary resource outside of class. Instead of relying on internet sources or social media for answers to their questions, learners would have access to a reliable tool that provides well-founded answers based on the school's teaching materials. The chatbot was to be used in particular in the one-year \u201cBFS dual\u201d educational program, in which, after an orientation phase, a decision is made as to whether students will be prepared for a vocational college level or a technical college entrance qualification. It is during this phase in particular that the need for individual support is especially high.<\/p>\n                  <\/div>\n                <\/div>\n                <div data-colibri-id=\"26493-c11\" class=\"style-7941 style-local-26493-c11 position-relative h-element\">\n                  <!---->\n                <\/div>\n                <div data-colibri-id=\"26493-c12\" class=\"h-row-container gutters-row-lg-0 gutters-row-md-0 gutters-row-0 gutters-row-v-lg-0 gutters-row-v-md-0 gutters-row-v-0 style-7942 style-local-26493-c12 position-relative\">\n                  <!---->\n                  <div class=\"h-row justify-content-lg-center justify-content-md-center justify-content-center align-items-lg-stretch align-items-md-stretch align-items-stretch gutters-col-lg-0 gutters-col-md-0 gutters-col-0 gutters-col-v-lg-0 gutters-col-v-md-0 gutters-col-v-0\">\n                    <!---->\n                    <div class=\"h-column h-column-container d-flex h-col-lg-auto h-col-md-auto h-col-auto style-7943-outer style-local-26493-c13-outer\">\n                      <div data-colibri-id=\"26493-c13\" class=\"d-flex h-flex-basis h-column__inner h-px-lg-0 h-px-md-0 h-px-0 v-inner-lg-0 v-inner-md-0 v-inner-0 style-7943 style-local-26493-c13 position-relative\">\n                        <!---->\n                        <!---->\n                        <div class=\"w-100 h-y-container h-column__content h-column__v-align flex-basis-100 align-self-lg-start align-self-md-start align-self-start\">\n                          <!---->\n                          <div data-colibri-id=\"26493-c14\" class=\"h-global-transition-all h-heading style-7939 style-local-26493-c14 position-relative h-element\">\n                            <!---->\n                            <div class=\"h-heading__outer style-7939 style-local-26493-c14\">\n                              <!---->\n                              <!---->\n                              <h5 class=\"\">An AI-supported assistance system for learners<\/h5>\n                            <\/div>\n                          <\/div>\n                          <div data-colibri-id=\"26493-c15\" class=\"h-text h-text-component style-7940 style-local-26493-c15 position-relative h-element\">\n                            <!---->\n                            <!---->\n                            <div class=\"\">\n                              <p>The project was launched in close cooperation with DAISEC for technical implementation. The first step was to design an AI chatbot that can answer questions from students based on pedagogically verified content provided by teachers. What makes this project unique is that all language models used were operated locally and in compliance with data protection regulations via infrastructures in Lower Saxony, in order to ensure the protection of underage users in particular.<\/p>\n                              <p>Initially, the prototype ran on the DAISEC server structure at the\n                                <a href=\"https:\/\/www.l3s.de\" target=\"_blank\" rel=\"nofollow noopener\" class=\"customize-unpreviewable\">L3S Research Center<\/a>, but was later moved to the scalable\n                                <a href=\"https:\/\/kisski.gwdg.de\" rel=\"nofollow noopener\" target=\"_blank\" class=\"customize-unpreviewable\">KISSKI<\/a>infrastructure. This solution not only enables data protection-compliant use, but is also designed for a growing number of users\u2014up to 120 in the pilot project.<\/p>\n                              <p>\n                                <br>\n                              <\/p>\n                              <p>Technically, the system consists of three components:<\/p>\n                              <ul>\n                                <li><span style=\"font-weight: 600;\">Language model:<\/span> The central model interacts with students in natural language.<\/li>\n                                <li><span style=\"font-weight: 600;\">Security filter:<\/span> An upstream model checks all requests for security-critical content in order to prevent abuse, for example.<\/li>\n                                <li><span style=\"font-weight: 600;\">RAG-Pipeline (Retrieval-Augmented Generation): <\/span>The system draws on a database of embedded teaching materials provided by teachers. This enables the chatbot to give context-relevant answers without having to \u201cmake up\u201d content.<\/li>\n                              <\/ul>\n                              <p>This system combines modern speech processing with controlled access to educational expertise, forming a highly practical prototype for AI-supported learning assistance in vocational schools.<\/p>\n                            <\/div>\n                          <\/div>\n                          <div data-colibri-id=\"26493-c16\" class=\"style-7957 style-local-26493-c16 position-relative h-element\">\n                            <!---->\n                          <\/div>\n                          <div data-colibri-id=\"26493-c17\" class=\"d-block style-7956 style-local-26493-c17 position-relative h-element\">\n                            <!---->\n                            <div class=\"h-image__frame-container-outer\">\n                              <div class=\"h-image__frame-container\">\n                                <!---->\n                                <!---->\n                                <img decoding=\"async\" width=\"1600\" height=\"900\" data-src=\"https:\/\/daisec.de\/wp-content\/uploads\/2025\/11\/2025-10-30-Funktionsweise-des-BBS-Chatbots-ENG.png\" class=\"wp-image-26497 style-7956-image style-local-26493-c17-image lazyload\" alt=\"\" data-srcset=\"https:\/\/daisec.de\/wp-content\/uploads\/2025\/11\/2025-10-30-Funktionsweise-des-BBS-Chatbots-ENG.png 1600w, https:\/\/daisec.de\/wp-content\/uploads\/2025\/11\/2025-10-30-Funktionsweise-des-BBS-Chatbots-ENG-300x169.png 300w, https:\/\/daisec.de\/wp-content\/uploads\/2025\/11\/2025-10-30-Funktionsweise-des-BBS-Chatbots-ENG-1024x576.png 1024w, https:\/\/daisec.de\/wp-content\/uploads\/2025\/11\/2025-10-30-Funktionsweise-des-BBS-Chatbots-ENG-768x432.png 768w, https:\/\/daisec.de\/wp-content\/uploads\/2025\/11\/2025-10-30-Funktionsweise-des-BBS-Chatbots-ENG-1536x864.png 1536w, https:\/\/daisec.de\/wp-content\/uploads\/2025\/11\/2025-10-30-Funktionsweise-des-BBS-Chatbots-ENG-18x10.png 18w\" data-sizes=\"(max-width: 1600px) 100vw, 1600px\" src=\"data:image\/svg+xml;base64,PHN2ZyB3aWR0aD0iMSIgaGVpZ2h0PSIxIiB4bWxucz0iaHR0cDovL3d3dy53My5vcmcvMjAwMC9zdmciPjwvc3ZnPg==\" style=\"--smush-placeholder-width: 1600px; --smush-placeholder-aspect-ratio: 1600\/900;\" \/>\n                                <div class=\"h-image__frame h-hide-lg h-hide-md h-hide-sm style-7956-frameImage style-local-26493-c17-frameImage\"><\/div>\n                              <\/div>\n                            <\/div>\n                          <\/div>\n                        <\/div>\n                      <\/div>\n                    <\/div>\n                  <\/div>\n                <\/div>\n                <div data-colibri-id=\"26493-c18\" class=\"style-7944 style-local-26493-c18 position-relative h-element\">\n                  <!---->\n                <\/div>\n                <div data-colibri-id=\"26493-c19\" class=\"h-global-transition-all h-heading style-7939 style-local-26493-c19 position-relative h-element\">\n                  <!---->\n                  <div class=\"h-heading__outer style-7939 style-local-26493-c19\">\n                    <!---->\n                    <!---->\n                    <h5 class=\"\">A model for further schools<\/h5>\n                  <\/div>\n                <\/div>\n                <div data-colibri-id=\"26493-c20\" class=\"h-text h-text-component style-7940 style-local-26493-c20 position-relative h-element\">\n                  <!---->\n                  <!---->\n                  <div class=\"\">\n                    <p>The collaboration between BBS Burgdorf and DAISEC demonstrates how innovative AI technologies can be used responsibly in education. The chatbot that has been developed offers students low-threshold, quality-assured support in the learning process while also reducing the workload for teachers. <\/p>\n                    <p>The experience gained from the project now serves as a basis for further development. Initial discussions with other vocational schools, for example in the field of vehicle painting, are already underway. The aim is to transfer the existing system to other disciplines and educational programs in a modular fashion by adapting the underlying knowledge databases.<\/p>\n                    <p>In the long term, the concept could be further developed and expanded in a multi-year research project. DAISEC actively supports this process and sees great potential in the approach for integrating AI into the education system in a sustainable, data protection-compliant, and practical manner. <\/p>\n                  <\/div>\n                <\/div>\n              <\/div>\n            <\/div>\n          <\/div>\n        <\/div>\n      <\/div>\n      <div data-colibri-id=\"26493-c21\" class=\"h-row-container gutters-row-lg-1 gutters-row-md-1 gutters-row-0 gutters-row-v-lg-1 gutters-row-v-md-1 gutters-row-v-1 style-7945 style-local-26493-c21 position-relative\">\n        <!---->\n        <div class=\"h-row justify-content-lg-center justify-content-md-center justify-content-center align-items-lg-stretch align-items-md-stretch align-items-stretch gutters-col-lg-1 gutters-col-md-1 gutters-col-0 gutters-col-v-lg-1 gutters-col-v-md-1 gutters-col-v-1\">\n          <!---->\n          <div class=\"h-column h-column-container d-flex h-col-lg-auto h-col-md-auto h-col-auto style-7946-outer style-local-26493-c22-outer\">\n            <div data-colibri-id=\"26493-c22\" class=\"d-flex h-flex-basis h-column__inner h-px-lg-3 h-px-md-3 h-px-3 v-inner-lg-3 v-inner-md-3 v-inner-3 style-7946 style-local-26493-c22 position-relative\">\n              <!---->\n              <!---->\n              <div class=\"w-100 h-y-container h-column__content h-column__v-align flex-basis-100 align-self-lg-start align-self-md-start align-self-start\">\n                <!---->\n                <div data-colibri-id=\"26493-c23\" class=\"h-global-transition-all h-heading style-7947 style-local-26493-c23 position-relative h-element\">\n                  <!---->\n                  <div class=\"h-heading__outer style-7947 style-local-26493-c23\">\n                    <!---->\n                    <!---->\n                    <h5 class=\"\">Your DAISEC contact<\/h5>\n                  <\/div>\n                <\/div>\n                <div data-colibri-id=\"26493-c24\" class=\"style-7948 style-local-26493-c24 position-relative h-element\">\n                  <!---->\n                <\/div>\n                <div data-colibri-id=\"26493-c25\" class=\"h-text h-text-component style-7949 style-local-26493-c25 position-relative h-element\">\n                  <!---->\n                  <!---->\n                  <div class=\"\">\n                    <p>If you have any questions or would like to learn more about how the chatbot can be used in the classroom, please feel free to contact us.<\/p>\n                  <\/div>\n                <\/div>\n                <div data-colibri-id=\"26493-c26\" class=\"style-7950 style-local-26493-c26 position-relative h-element\">\n                  <!---->\n                <\/div>\n                <div data-colibri-id=\"26493-c27\" class=\"d-block style-7951 style-local-26493-c27 position-relative h-element\">\n                  <!---->\n                  <div class=\"h-image__frame-container-outer\">\n                    <div class=\"h-image__frame-container\">\n                      <!---->\n                      <!---->\n                      <img decoding=\"async\" width=\"1080\" height=\"1080\" data-src=\"https:\/\/daisec.de\/wp-content\/uploads\/2025\/11\/Fazlija-Dren-1.png\" class=\"wp-image-26496 style-7951-image style-local-26493-c27-image lazyload\" alt=\"\" data-srcset=\"https:\/\/daisec.de\/wp-content\/uploads\/2025\/11\/Fazlija-Dren-1.png 1080w, https:\/\/daisec.de\/wp-content\/uploads\/2025\/11\/Fazlija-Dren-1-300x300.png 300w, https:\/\/daisec.de\/wp-content\/uploads\/2025\/11\/Fazlija-Dren-1-1024x1024.png 1024w, https:\/\/daisec.de\/wp-content\/uploads\/2025\/11\/Fazlija-Dren-1-150x150.png 150w, https:\/\/daisec.de\/wp-content\/uploads\/2025\/11\/Fazlija-Dren-1-768x768.png 768w, https:\/\/daisec.de\/wp-content\/uploads\/2025\/11\/Fazlija-Dren-1-12x12.png 12w\" data-sizes=\"(max-width: 1080px) 100vw, 1080px\" src=\"data:image\/svg+xml;base64,PHN2ZyB3aWR0aD0iMSIgaGVpZ2h0PSIxIiB4bWxucz0iaHR0cDovL3d3dy53My5vcmcvMjAwMC9zdmciPjwvc3ZnPg==\" style=\"--smush-placeholder-width: 1080px; --smush-placeholder-aspect-ratio: 1080\/1080;\" \/>\n                      <div class=\"h-image__frame h-hide-lg h-hide-md h-hide-sm style-7951-frameImage style-local-26493-c27-frameImage\"><\/div>\n                    <\/div>\n                  <\/div>\n                <\/div>\n                <div data-colibri-id=\"26493-c28\" class=\"style-7948 style-local-26493-c28 position-relative h-element\">\n                  <!---->\n                <\/div>\n                <div data-colibri-id=\"26493-c29\" class=\"h-global-transition-all h-heading style-7952 style-local-26493-c29 position-relative h-element\">\n                  <!---->\n                  <div class=\"h-heading__outer style-7952 style-local-26493-c29\">\n                    <!---->\n                    <!---->\n                    <a href=\"https:\/\/daisec.de\/en\/ueber-uns\/team\/vorstellung\/#dren-fazlija\" target=\"_blank\" h-use-smooth-scroll=\"true\">\n                      <h5 class=\"\">Dren Fazlija<\/h5>\n                    <\/a>\n                  <\/div>\n                <\/div>\n                <div data-colibri-id=\"26493-c30\" class=\"h-text h-text-component style-7953 style-local-26493-c30 position-relative h-element\">\n                  <!---->\n                  <!---->\n                  <div class=\"\">\n                    <p>Expert for Artificial Intelligence<\/p>\n                  <\/div>\n                <\/div>\n                <div data-colibri-id=\"26493-c31\" class=\"h-x-container style-7954 style-local-26493-c31 position-relative h-element\">\n                  <!---->\n                  <div class=\"h-x-container-inner style-dynamic-26493-c31-group style-7954-spacing style-local-26493-c31-spacing\"><span class=\"h-link__outer style-7955-outer style-local-26493-c32-outer d-inline-flex h-element\"><a h-use-smooth-scroll=\"true\" href=\"mailto:fazlija@daisec.de\"  data-colibri-id=\"26493-c32\" class=\"d-flex w-100 align-items-center h-link style-7955 style-local-26493-c32 position-relative\"><!----><!----> <span>fazlija@daisec.de <\/span><\/a>\n                    <\/span>\n                  <\/div>\n                <\/div>\n              <\/div>\n            <\/div>\n          <\/div>\n        <\/div>\n      <\/div>\n    <\/div>\n  <\/div>\n<\/div>","protected":false},"excerpt":{"rendered":"<p>Die Berufliche Bildung steht vor der Herausforderung, moderne Technologien sinnvoll in den Unterricht zu integrieren, besonders dort, wo Sch\u00fcler*innen individuelle Unterst\u00fctzung ben\u00f6tigen, die \u00fcber die reine Pr\u00e4senzzeit im Klassenzimmer hinausgeht. [&hellip;]<\/p>\n","protected":false},"author":6,"featured_media":0,"parent":10334,"menu_order":0,"comment_status":"closed","ping_status":"closed","template":"page-templates\/full-width-page.php","meta":{"_tec_requires_first_save":true,"_price":"","_stock":"","_tribe_ticket_header":"","_tribe_default_ticket_provider":"","_tribe_ticket_capacity":"0","_ticket_start_date":"","_ticket_end_date":"","_tribe_ticket_show_description":"","_tribe_ticket_show_not_going":false,"_tribe_ticket_use_global_stock":"","_tribe_ticket_global_stock_level":"","_global_stock_mode":"","_global_stock_cap":"","_tribe_rsvp_for_event":"","_tribe_ticket_going_count":"","_tribe_ticket_not_going_count":"","_tribe_tickets_list":"[]","_tribe_ticket_has_attendee_info_fields":false,"_EventAllDay":false,"_EventTimezone":"","_EventStartDate":"","_EventEndDate":"","_EventStartDateUTC":"","_EventEndDateUTC":"","_EventShowMap":false,"_EventShowMapLink":false,"_EventURL":"","_EventCost":"","_EventCostDescription":"","_EventCurrencySymbol":"","_EventCurrencyCode":"","_EventCurrencyPosition":"","_EventDateTimeSeparator":"","_EventTimeRangeSeparator":"","_EventOrganizerID":[],"_EventVenueID":[],"_OrganizerEmail":"","_OrganizerPhone":"","_OrganizerWebsite":"","_VenueAddress":"","_VenueCity":"","_VenueCountry":"","_VenueProvince":"","_VenueState":"","_VenueZip":"","_VenuePhone":"","_VenueURL":"","_VenueStateProvince":"","_VenueLat":"","_VenueLng":"","_VenueShowMap":false,"_VenueShowMapLink":false,"_tribe_blocks_recurrence_rules":"","_tribe_blocks_recurrence_description":"","_tribe_blocks_recurrence_exclusions":"","footnotes":"","_tec_slr_enabled":"","_tec_slr_layout":""},"class_list":["post-26493","page","type-page","status-publish","hentry"],"ticketed":false,"_links":{"self":[{"href":"https:\/\/daisec.de\/en\/wp-json\/wp\/v2\/pages\/26493","targetHints":{"allow":["GET"]}}],"collection":[{"href":"https:\/\/daisec.de\/en\/wp-json\/wp\/v2\/pages"}],"about":[{"href":"https:\/\/daisec.de\/en\/wp-json\/wp\/v2\/types\/page"}],"author":[{"embeddable":true,"href":"https:\/\/daisec.de\/en\/wp-json\/wp\/v2\/users\/6"}],"replies":[{"embeddable":true,"href":"https:\/\/daisec.de\/en\/wp-json\/wp\/v2\/comments?post=26493"}],"version-history":[{"count":5,"href":"https:\/\/daisec.de\/en\/wp-json\/wp\/v2\/pages\/26493\/revisions"}],"predecessor-version":[{"id":26509,"href":"https:\/\/daisec.de\/en\/wp-json\/wp\/v2\/pages\/26493\/revisions\/26509"}],"up":[{"embeddable":true,"href":"https:\/\/daisec.de\/en\/wp-json\/wp\/v2\/pages\/10334"}],"wp:attachment":[{"href":"https:\/\/daisec.de\/en\/wp-json\/wp\/v2\/media?parent=26493"}],"curies":[{"name":"wp","href":"https:\/\/api.w.org\/{rel}","templated":true}]}}