{"id":8403,"date":"2022-09-19T13:59:32","date_gmt":"2022-09-19T11:59:32","guid":{"rendered":"https:\/\/dih4aisec.eu\/?page_id=8403"},"modified":"2026-01-16T10:14:58","modified_gmt":"2026-01-16T09:14:58","slug":"produktion","status":"publish","type":"page","link":"https:\/\/daisec.de\/en\/kernsektoren\/produktion\/","title":{"rendered":"Production"},"content":{"rendered":"<div data-colibri-id=\"8403-c1\" class=\"style-4285 style-local-8403-c1 position-relative\">\n  <!---->\n  <div data-colibri-component=\"section\" data-colibri-id=\"8403-c2\" id=\"reusable-sections\" class=\"h-section h-section-global-spacing d-flex align-items-lg-center align-items-md-center align-items-center style-4286 style-local-8403-c2 position-relative\">\n    <!---->\n    <!---->\n    <div class=\"h-section-grid-container h-section-fluid-container\">\n      <!---->\n      <div data-colibri-id=\"8403-c3\" class=\"h-row-container gutters-row-lg-0 gutters-row-md-0 gutters-row-0 gutters-row-v-lg-0 gutters-row-v-md-0 gutters-row-v-0 style-4287 style-local-8403-c3 position-relative\">\n        <!---->\n        <div class=\"h-row justify-content-lg-center justify-content-md-center justify-content-center align-items-lg-stretch align-items-md-stretch align-items-stretch gutters-col-lg-0 gutters-col-md-0 gutters-col-0 gutters-col-v-lg-0 gutters-col-v-md-0 gutters-col-v-0\">\n          <!---->\n          <div class=\"h-column h-column-container d-flex h-col-lg-auto h-col-md-auto h-col-auto style-4292-outer style-local-8403-c4-outer\">\n            <div data-colibri-id=\"8403-c4\" class=\"d-flex h-flex-basis h-column__inner h-ui-empty-state-container h-px-lg-2 h-px-md-2 h-px-2 v-inner-lg-2 v-inner-md-2 v-inner-2 style-4292 style-local-8403-c4 position-relative\">\n              <!---->\n              <!---->\n              <div class=\"w-100 h-y-container h-column__content h-column__v-align flex-basis-100\">\n                <!---->\n              <\/div>\n            <\/div>\n          <\/div>\n          <div class=\"h-column h-column-container d-flex h-col-lg-auto h-col-md-auto h-col-auto style-4288-outer style-local-8403-c5-outer\">\n            <div data-colibri-id=\"8403-c5\" class=\"d-flex h-flex-basis h-column__inner h-px-lg-2 h-px-md-2 h-px-2 v-inner-lg-2 v-inner-md-2 v-inner-2 style-4288 style-local-8403-c5 position-relative\">\n              <!---->\n              <!---->\n              <div class=\"w-100 h-y-container h-column__content h-column__v-align flex-basis-100 align-self-lg-start align-self-md-start align-self-start\">\n                <!---->\n                <div data-colibri-id=\"8403-c6\" class=\"h-text h-text-component style-4290 style-local-8403-c6 position-relative h-element\">\n                  <!---->\n                  <!---->\n                  <div class=\"\">\n                    <p>Lower Saxony's economy is characterized by a strong manufacturing sector. Globally renowned companies from the automotive and aerospace industries as well as electronics and medical technology produce in Lower Saxony. This is complemented by an overwhelming number of small and medium-sized companies that are active in the supplier industry or in mechanical and plant engineering.\n                      <br>\n                      <br>They all face the challenge of exploring and utilizing the possibilities of digitalization in order to adapt to changing market requirements. At the DAISEC, you will find the fitting support for this task. <\/p>\n                  <\/div>\n                <\/div>\n              <\/div>\n            <\/div>\n          <\/div>\n        <\/div>\n      <\/div>\n    <\/div>\n  <\/div>\n  <div data-colibri-component=\"section\" data-colibri-id=\"8403-c8\" id=\"reusable-sections\" class=\"h-section h-section-global-spacing d-flex align-items-lg-center align-items-md-center align-items-center style-4409 style-local-8403-c8 position-relative\">\n    <!---->\n    <!---->\n    <div class=\"h-section-grid-container h-section-fluid-container\">\n      <!---->\n      <div data-colibri-id=\"8403-c9\" class=\"h-row-container gutters-row-lg-0 gutters-row-md-0 gutters-row-0 gutters-row-v-lg-0 gutters-row-v-md-0 gutters-row-v-0 style-4287 style-local-8403-c9 position-relative\">\n        <!---->\n        <div class=\"h-row justify-content-lg-center justify-content-md-center justify-content-center align-items-lg-stretch align-items-md-stretch align-items-stretch gutters-col-lg-0 gutters-col-md-0 gutters-col-0 gutters-col-v-lg-0 gutters-col-v-md-0 gutters-col-v-0\">\n          <!---->\n          <div class=\"h-column h-column-container d-flex h-col-lg-auto h-col-md-auto h-col-auto style-4411-outer style-local-8403-c10-outer\">\n            <div data-colibri-id=\"8403-c10\" class=\"d-flex h-flex-basis h-column__inner h-px-lg-2 h-px-md-2 h-px-2 v-inner-lg-2 v-inner-md-2 v-inner-2 style-4411 style-local-8403-c10 position-relative\">\n              <!---->\n              <!---->\n              <div class=\"w-100 h-y-container h-column__content h-column__v-align flex-basis-100 align-self-lg-start align-self-md-start align-self-start\">\n                <!---->\n                <div data-colibri-id=\"8403-c11\" class=\"h-global-transition-all h-heading style-4417 style-local-8403-c11 position-relative h-element\">\n                  <!---->\n                  <div class=\"h-heading__outer style-4417 style-local-8403-c11\">\n                    <!---->\n                    <!---->\n                    <h1 class=\"\">AI and Digitalization in Manufacturing<\/h1>\n                  <\/div>\n                <\/div>\n                <div data-colibri-id=\"8403-c12\" class=\"h-text h-text-component style-4418 style-local-8403-c12 position-relative h-element\">\n                  <!---->\n                  <!---->\n                  <div class=\"\">\n                    <p>K\u00fcnstliche Intelligenz ist l\u00e4ngst im produzierenden Gewerbe angekommen und wird im Laufe der Zeit noch weiter an Bedeutung gewinnen. Anwendungsm\u00f6glichkeiten lassen sich in nahezu allen Bereich finden: Qualit\u00e4tssicherung, Angebotskalkulation,\n                      Produktionssteuerung oder Prozess\u00fcberwachung sind nur einige Beispiele. Der DAISEC bietet umfassendes Wissen und M\u00f6glichkeiten zur Erprobung innovativer Ideen.<\/p>\n                  <\/div>\n                <\/div>\n              <\/div>\n            <\/div>\n          <\/div>\n          <div class=\"h-column h-column-container d-flex h-col-lg-auto h-col-md-auto h-col-auto style-4412-outer style-local-8403-c14-outer\">\n            <div data-colibri-id=\"8403-c14\" class=\"d-flex h-flex-basis h-column__inner h-ui-empty-state-container h-px-lg-2 h-px-md-2 h-px-2 v-inner-lg-2 v-inner-md-2 v-inner-2 style-4412 style-local-8403-c14 position-relative\">\n              <div class=\"background-wrapper\">\n                <div class=\"background-layer background-layer-media-container-lg\">\n                  <!---->\n                  <div class=\"overlay-layer\">\n                    <div class=\"overlay-image-layer\" style=\"background-color: rgb(55, 92, 103); opacity: 0.11;\"><\/div>\n                  <\/div>\n                <\/div>\n                <div class=\"background-layer background-layer-media-container-md\">\n                  <!---->\n                  <div class=\"overlay-layer\">\n                    <div class=\"overlay-image-layer\" style=\"background-color: rgb(55, 92, 103); opacity: 0.11;\"><\/div>\n                  <\/div>\n                <\/div>\n                <div class=\"background-layer background-layer-media-container\">\n                  <!---->\n                  <div class=\"overlay-layer\">\n                    <div class=\"overlay-image-layer\" style=\"background-color: rgb(55, 92, 103); opacity: 0.11;\"><\/div>\n                  <\/div>\n                <\/div>\n              <\/div>\n              <!---->\n              <div class=\"w-100 h-y-container h-column__content h-column__v-align flex-basis-100\">\n                <!---->\n              <\/div>\n            <\/div>\n          <\/div>\n        <\/div>\n      <\/div>\n    <\/div>\n  <\/div>\n  <div data-colibri-component=\"section\" data-colibri-id=\"8403-c15\" id=\"reusable-sections\" class=\"h-section h-section-global-spacing d-flex align-items-lg-center align-items-md-center align-items-center style-4414 style-local-8403-c15 position-relative\">\n    <!---->\n    <!---->\n    <div class=\"h-section-grid-container h-section-fluid-container\">\n      <!---->\n      <div data-colibri-id=\"8403-c16\" class=\"h-row-container gutters-row-lg-0 gutters-row-md-0 gutters-row-0 gutters-row-v-lg-0 gutters-row-v-md-0 gutters-row-v-0 style-4287 style-local-8403-c16 position-relative\">\n        <!---->\n        <div class=\"h-row justify-content-lg-center justify-content-md-center justify-content-center align-items-lg-stretch align-items-md-stretch align-items-stretch gutters-col-lg-0 gutters-col-md-0 gutters-col-0 gutters-col-v-lg-0 gutters-col-v-md-0 gutters-col-v-0\">\n          <!---->\n          <div class=\"h-column h-column-container d-flex h-col-lg-auto h-col-md-auto h-col-auto style-4416-outer style-local-8403-c17-outer\">\n            <div data-colibri-id=\"8403-c17\" class=\"d-flex h-flex-basis h-column__inner h-ui-empty-state-container h-px-lg-2 h-px-md-2 h-px-2 v-inner-lg-2 v-inner-md-2 v-inner-2 style-4416 style-local-8403-c17 position-relative\">\n              <div class=\"background-wrapper\">\n                <div class=\"background-layer background-layer-media-container-lg\">\n                  <!---->\n                  <div class=\"overlay-layer\">\n                    <div class=\"overlay-image-layer\" style=\"background-color: rgb(253, 205, 66); opacity: 0.13;\"><\/div>\n                  <\/div>\n                <\/div>\n                <div class=\"background-layer background-layer-media-container-md\">\n                  <!---->\n                  <div class=\"overlay-layer\">\n                    <div class=\"overlay-image-layer\" style=\"background-color: rgb(253, 205, 66); opacity: 0.13;\"><\/div>\n                  <\/div>\n                <\/div>\n                <div class=\"background-layer background-layer-media-container\">\n                  <!---->\n                  <div class=\"overlay-layer\">\n                    <div class=\"overlay-image-layer\" style=\"background-color: rgb(253, 205, 66); opacity: 0.13;\"><\/div>\n                  <\/div>\n                <\/div>\n              <\/div>\n              <!---->\n              <div class=\"w-100 h-y-container h-column__content h-column__v-align flex-basis-100\">\n                <!---->\n              <\/div>\n            <\/div>\n          <\/div>\n          <div class=\"h-column h-column-container d-flex h-col-lg-auto h-col-md-auto h-col-auto style-4415-outer style-local-8403-c18-outer\">\n            <div data-colibri-id=\"8403-c18\" class=\"d-flex h-flex-basis h-column__inner h-px-lg-2 h-px-md-2 h-px-2 v-inner-lg-2 v-inner-md-2 v-inner-2 style-4415 style-local-8403-c18 position-relative\">\n              <!---->\n              <!---->\n              <div class=\"w-100 h-y-container h-column__content h-column__v-align flex-basis-100 align-self-lg-start align-self-md-start align-self-start\">\n                <!---->\n                <div data-colibri-id=\"8403-c19\" class=\"h-global-transition-all h-heading style-4413 style-local-8403-c19 position-relative h-element\">\n                  <!---->\n                  <div class=\"h-heading__outer style-4413 style-local-8403-c19\">\n                    <!---->\n                    <!---->\n                    <h1 class=\"\">Cybersecurity in Manufacturing<\/h1>\n                  <\/div>\n                <\/div>\n                <div data-colibri-id=\"8403-c20\" class=\"h-text h-text-component style-4410 style-local-8403-c20 position-relative h-element\">\n                  <!---->\n                  <!---->\n                  <div class=\"\">\n                    <p>Manufacturing companies face a wide variety of threats, such as encryption Trojans or fraudulent emails. Consistently implemented cyber security offers protection against unauthorized access, manipulation of production facilities or data theft. You will find support for identifying vulnerabilities and implementing protective measures, for example in our\n                      <a href=\"https:\/\/daisec.de\/en\/skills-and-training\/#schulungen\"\n                        style=\"color: rgb(30, 37, 37);\">Training courses<\/a>.<\/p>\n                  <\/div>\n                <\/div>\n              <\/div>\n            <\/div>\n          <\/div>\n        <\/div>\n      <\/div>\n    <\/div>\n  <\/div>\n<\/div>","protected":false},"excerpt":{"rendered":"<p>Die nieders\u00e4chsische Wirtschaft ist gepr\u00e4gt durch ein starkes produzierendes Gewerbe. Weltweit bekannte Unternehmen aus der Automobil- und Luftfahrtindustrie sowie der Elektronik und Medizintechnik produzieren in Niedersachen. Hinzu kommt eine \u00fcberw\u00e4ltigende [&hellip;]<\/p>\n","protected":false},"author":6,"featured_media":0,"parent":8397,"menu_order":0,"comment_status":"closed","ping_status":"closed","template":"page-templates\/full-width-page.php","meta":{"_tec_requires_first_save":true,"_price":"","_stock":"","_tribe_ticket_header":"","_tribe_default_ticket_provider":"","_tribe_ticket_capacity":"0","_ticket_start_date":"","_ticket_end_date":"","_tribe_ticket_show_description":"","_tribe_ticket_show_not_going":false,"_tribe_ticket_use_global_stock":"","_tribe_ticket_global_stock_level":"","_global_stock_mode":"","_global_stock_cap":"","_tribe_rsvp_for_event":"","_tribe_ticket_going_count":"","_tribe_ticket_not_going_count":"","_tribe_tickets_list":"[]","_tribe_ticket_has_attendee_info_fields":false,"_EventAllDay":false,"_EventTimezone":"","_EventStartDate":"","_EventEndDate":"","_EventStartDateUTC":"","_EventEndDateUTC":"","_EventShowMap":false,"_EventShowMapLink":false,"_EventURL":"","_EventCost":"","_EventCostDescription":"","_EventCurrencySymbol":"","_EventCurrencyCode":"","_EventCurrencyPosition":"","_EventDateTimeSeparator":"","_EventTimeRangeSeparator":"","_EventOrganizerID":[],"_EventVenueID":[],"_OrganizerEmail":"","_OrganizerPhone":"","_OrganizerWebsite":"","_VenueAddress":"","_VenueCity":"","_VenueCountry":"","_VenueProvince":"","_VenueState":"","_VenueZip":"","_VenuePhone":"","_VenueURL":"","_VenueStateProvince":"","_VenueLat":"","_VenueLng":"","_VenueShowMap":false,"_VenueShowMapLink":false,"_tribe_blocks_recurrence_rules":"","_tribe_blocks_recurrence_description":"","_tribe_blocks_recurrence_exclusions":"","footnotes":"","_tec_slr_enabled":"","_tec_slr_layout":""},"class_list":["post-8403","page","type-page","status-publish","hentry"],"ticketed":false,"_links":{"self":[{"href":"https:\/\/daisec.de\/en\/wp-json\/wp\/v2\/pages\/8403","targetHints":{"allow":["GET"]}}],"collection":[{"href":"https:\/\/daisec.de\/en\/wp-json\/wp\/v2\/pages"}],"about":[{"href":"https:\/\/daisec.de\/en\/wp-json\/wp\/v2\/types\/page"}],"author":[{"embeddable":true,"href":"https:\/\/daisec.de\/en\/wp-json\/wp\/v2\/users\/6"}],"replies":[{"embeddable":true,"href":"https:\/\/daisec.de\/en\/wp-json\/wp\/v2\/comments?post=8403"}],"version-history":[{"count":1,"href":"https:\/\/daisec.de\/en\/wp-json\/wp\/v2\/pages\/8403\/revisions"}],"predecessor-version":[{"id":26987,"href":"https:\/\/daisec.de\/en\/wp-json\/wp\/v2\/pages\/8403\/revisions\/26987"}],"up":[{"embeddable":true,"href":"https:\/\/daisec.de\/en\/wp-json\/wp\/v2\/pages\/8397"}],"wp:attachment":[{"href":"https:\/\/daisec.de\/en\/wp-json\/wp\/v2\/media?parent=8403"}],"curies":[{"name":"wp","href":"https:\/\/api.w.org\/{rel}","templated":true}]}}