{"id":8404,"date":"2022-09-19T13:59:32","date_gmt":"2022-09-19T11:59:32","guid":{"rendered":"https:\/\/dih4aisec.eu\/?page_id=8404"},"modified":"2026-01-28T10:49:09","modified_gmt":"2026-01-28T09:49:09","slug":"oeffentlicher-sektor","status":"publish","type":"page","link":"https:\/\/daisec.de\/en\/kernsektoren\/oeffentlicher-sektor\/","title":{"rendered":"Public Sector"},"content":{"rendered":"<div data-colibri-id=\"8404-c1\" class=\"style-4293 style-local-8404-c1 position-relative\">\n  <!---->\n  <div data-colibri-component=\"section\" data-colibri-id=\"8404-c2\" id=\"custom\" class=\"h-section h-section-global-spacing d-flex align-items-lg-center align-items-md-center align-items-center style-4294 style-local-8404-c2 position-relative\">\n    <!---->\n    <!---->\n    <div class=\"h-section-grid-container h-section-fluid-container\">\n      <!---->\n      <div data-colibri-id=\"8404-c3\" class=\"h-row-container gutters-row-lg-0 gutters-row-md-0 gutters-row-0 gutters-row-v-lg-0 gutters-row-v-md-0 gutters-row-v-0 style-4295 style-local-8404-c3 position-relative\">\n        <!---->\n        <div class=\"h-row justify-content-lg-center justify-content-md-center justify-content-center align-items-lg-stretch align-items-md-stretch align-items-stretch gutters-col-lg-0 gutters-col-md-0 gutters-col-0 gutters-col-v-lg-0 gutters-col-v-md-0 gutters-col-v-0\">\n          <!---->\n          <div class=\"h-column h-column-container d-flex h-col-lg-auto h-col-md-auto h-col-auto style-4395-outer style-local-8404-c4-outer\">\n            <div data-colibri-id=\"8404-c4\" class=\"d-flex h-flex-basis h-column__inner h-ui-empty-state-container h-px-lg-2 h-px-md-2 h-px-2 v-inner-lg-2 v-inner-md-2 v-inner-2 style-4395 style-local-8404-c4 position-relative\">\n              <!---->\n              <!---->\n              <div class=\"w-100 h-y-container h-column__content h-column__v-align flex-basis-100\">\n                <!---->\n              <\/div>\n            <\/div>\n          <\/div>\n          <div class=\"h-column h-column-container d-flex h-col-lg-auto h-col-md-auto h-col-auto style-4296-outer style-local-8404-c5-outer\">\n            <div data-colibri-id=\"8404-c5\" class=\"d-flex h-flex-basis h-column__inner h-px-lg-2 h-px-md-2 h-px-2 v-inner-lg-2 v-inner-md-2 v-inner-2 style-4296 style-local-8404-c5 position-relative\">\n              <!---->\n              <!---->\n              <div class=\"w-100 h-y-container h-column__content h-column__v-align flex-basis-100 align-self-lg-start align-self-md-start align-self-start\">\n                <!---->\n                <div data-colibri-id=\"8404-c6\" class=\"h-text h-text-component style-4298 style-local-8404-c6 position-relative h-element\">\n                  <!---->\n                  <!---->\n                  <div class=\"\">\n                    <p>K\u00fcnstliche Intelligenz gewinnt in \u00f6ffentlichen Einrichtungen zunehmend an Bedeutung. KI kann Verwaltungsprozesse effizienter gestalten, indem sie Routineaufgaben automatisiert, gro\u00dfe Datenmengen auswertet und Entscheidungsgrundlagen\n                      verbessert. Das f\u00fchrt zu schnelleren Abl\u00e4ufen, h\u00f6herer Servicequalit\u00e4t und einer besseren Nutzung \u00f6ffentlicher Ressourcen zum Vorteil der B\u00fcrgerinnen und B\u00fcrger.<\/p>\n                    <p>Gleichzeitig stellen sich besondere Anforderungen: Datenschutz, Transparenz, IT-Sicherheit und rechtliche Konformit\u00e4t \u2013 etwa im Hinblick auf den EU AI Act \u2013 sind zentrale Voraussetzungen f\u00fcr den vertrauensw\u00fcrdigen Einsatz von KI. \u00d6ffentliche\n                      Einrichtungen ben\u00f6tigen daher sichere, nachvollziehbare und verantwortungsvoll eingesetzte KI-L\u00f6sungen, die sowohl technisch als auch organisatorisch gut eingebettet sind.<\/p>\n                  <\/div>\n                <\/div>\n              <\/div>\n            <\/div>\n          <\/div>\n        <\/div>\n      <\/div>\n    <\/div>\n  <\/div>\n  <div data-colibri-component=\"section\" data-colibri-id=\"8404-c7\" id=\"custom\" class=\"h-section h-section-global-spacing d-flex align-items-lg-center align-items-md-center align-items-center style-4394 style-local-8404-c7 position-relative\">\n    <!---->\n    <!---->\n    <div class=\"h-section-grid-container h-section-fluid-container\">\n      <!---->\n      <div data-colibri-id=\"8404-c8\" class=\"h-row-container gutters-row-lg-0 gutters-row-md-0 gutters-row-0 gutters-row-v-lg-0 gutters-row-v-md-0 gutters-row-v-0 style-4295 style-local-8404-c8 position-relative\">\n        <!---->\n        <div class=\"h-row justify-content-lg-center justify-content-md-center justify-content-center align-items-lg-stretch align-items-md-stretch align-items-stretch gutters-col-lg-0 gutters-col-md-0 gutters-col-0 gutters-col-v-lg-0 gutters-col-v-md-0 gutters-col-v-0\">\n          <!---->\n          <div class=\"h-column h-column-container d-flex h-col-lg-auto h-col-md-auto h-col-auto style-4397-outer style-local-8404-c9-outer\">\n            <div data-colibri-id=\"8404-c9\" class=\"d-flex h-flex-basis h-column__inner h-px-lg-2 h-px-md-2 h-px-2 v-inner-lg-2 v-inner-md-2 v-inner-2 style-4397 style-local-8404-c9 position-relative\">\n              <!---->\n              <!---->\n              <div class=\"w-100 h-y-container h-column__content h-column__v-align flex-basis-100 align-self-lg-start align-self-md-start align-self-start\">\n                <!---->\n                <div data-colibri-id=\"8404-c10\" class=\"h-global-transition-all h-heading style-4403 style-local-8404-c10 position-relative h-element\">\n                  <!---->\n                  <div class=\"h-heading__outer style-4403 style-local-8404-c10\">\n                    <!---->\n                    <!---->\n                    <h1 class=\"\">Wir unterst\u00fctzten bei der Umsetzung<\/h1>\n                  <\/div>\n                <\/div>\n                <div data-colibri-id=\"8404-c11\" class=\"h-text h-text-component style-4404 style-local-8404-c11 position-relative h-element\">\n                  <!---->\n                  <!---->\n                  <div class=\"\">\n                    <p>Ein Schwerpunkt beim Einsatz von KI-Tools liegt f\u00fcr viele \u00f6ffentliche Verwaltungen auf Large Language Models (LLMs), etwa zur Unterst\u00fctzung von Textarbeit, B\u00fcrgerkommunikation oder internen Wissensprozessen. Wir helfen dabei, die geeigneten\n                      Einsatzfelder und Tools zu identifizieren und einzusetzen.<\/p>\n                    <p>Ein weiterer Bereich mit hoher Nachfrage nach KI ist die berufliche Bildung, wo KI Lernprozesse individuell gestalten, Echtzeit-Feedback geben und zuk\u00fcnftige Qualifikationsanforderungen vorhersagen kann. Durch die F\u00f6rderung der Integration\n                      von KI-Kompetenzen in die berufliche Bildung stellen wir sicher, dass Arbeitskr\u00e4fte gut auf den sich wandelnden Arbeitsmarkt vorbereitet sind und den Anforderungen aktueller und zuk\u00fcnftiger Arbeitgeber gerecht werden, und unterst\u00fctzen\n                      so die europ\u00e4ische Wirtschaft bereits in der beruflichen Ausbildung.<\/p>\n                  <\/div>\n                <\/div>\n              <\/div>\n            <\/div>\n          <\/div>\n          <div class=\"h-column h-column-container d-flex h-col-lg-auto h-col-md-auto h-col-auto style-4401-outer style-local-8404-c12-outer\">\n            <div data-colibri-id=\"8404-c12\" class=\"d-flex h-flex-basis h-column__inner h-ui-empty-state-container h-px-lg-2 h-px-md-2 h-px-2 v-inner-lg-2 v-inner-md-2 v-inner-2 style-4401 style-local-8404-c12 position-relative\">\n              <div class=\"background-wrapper\">\n                <div class=\"background-layer background-layer-media-container-lg\">\n                  <!---->\n                  <div class=\"overlay-layer\">\n                    <div class=\"overlay-image-layer\" style=\"background-color: rgb(248, 248, 248); opacity: 0.13;\"><\/div>\n                  <\/div>\n                <\/div>\n                <div class=\"background-layer background-layer-media-container-md\">\n                  <!---->\n                  <div class=\"overlay-layer\">\n                    <div class=\"overlay-image-layer\" style=\"background-color: rgb(248, 248, 248); opacity: 0.13;\"><\/div>\n                  <\/div>\n                <\/div>\n                <div class=\"background-layer background-layer-media-container\">\n                  <!---->\n                  <div class=\"overlay-layer\">\n                    <div class=\"overlay-image-layer\" style=\"background-color: rgb(248, 248, 248); opacity: 0.13;\"><\/div>\n                  <\/div>\n                <\/div>\n              <\/div>\n              <!---->\n              <div class=\"w-100 h-y-container h-column__content h-column__v-align flex-basis-100\">\n                <!---->\n              <\/div>\n            <\/div>\n          <\/div>\n        <\/div>\n      <\/div>\n    <\/div>\n  <\/div>\n<\/div>","protected":false},"excerpt":{"rendered":"<p>K\u00fcnstliche Intelligenz gewinnt in \u00f6ffentlichen Einrichtungen zunehmend an Bedeutung. KI kann Verwaltungsprozesse effizienter gestalten, indem sie Routineaufgaben automatisiert, gro\u00dfe Datenmengen auswertet und Entscheidungsgrundlagen verbessert. Das f\u00fchrt zu schnelleren Abl\u00e4ufen, h\u00f6herer [&hellip;]<\/p>\n","protected":false},"author":6,"featured_media":0,"parent":8397,"menu_order":0,"comment_status":"closed","ping_status":"closed","template":"page-templates\/full-width-page.php","meta":{"_tec_requires_first_save":true,"_price":"","_stock":"","_tribe_ticket_header":"","_tribe_default_ticket_provider":"","_tribe_ticket_capacity":"0","_ticket_start_date":"","_ticket_end_date":"","_tribe_ticket_show_description":"","_tribe_ticket_show_not_going":false,"_tribe_ticket_use_global_stock":"","_tribe_ticket_global_stock_level":"","_global_stock_mode":"","_global_stock_cap":"","_tribe_rsvp_for_event":"","_tribe_ticket_going_count":"","_tribe_ticket_not_going_count":"","_tribe_tickets_list":"[]","_tribe_ticket_has_attendee_info_fields":false,"_EventAllDay":false,"_EventTimezone":"","_EventStartDate":"","_EventEndDate":"","_EventStartDateUTC":"","_EventEndDateUTC":"","_EventShowMap":false,"_EventShowMapLink":false,"_EventURL":"","_EventCost":"","_EventCostDescription":"","_EventCurrencySymbol":"","_EventCurrencyCode":"","_EventCurrencyPosition":"","_EventDateTimeSeparator":"","_EventTimeRangeSeparator":"","_EventOrganizerID":[],"_EventVenueID":[],"_OrganizerEmail":"","_OrganizerPhone":"","_OrganizerWebsite":"","_VenueAddress":"","_VenueCity":"","_VenueCountry":"","_VenueProvince":"","_VenueState":"","_VenueZip":"","_VenuePhone":"","_VenueURL":"","_VenueStateProvince":"","_VenueLat":"","_VenueLng":"","_VenueShowMap":false,"_VenueShowMapLink":false,"_tribe_blocks_recurrence_rules":"","_tribe_blocks_recurrence_description":"","_tribe_blocks_recurrence_exclusions":"","footnotes":"","_tec_slr_enabled":"","_tec_slr_layout":""},"class_list":["post-8404","page","type-page","status-publish","hentry"],"ticketed":false,"_links":{"self":[{"href":"https:\/\/daisec.de\/en\/wp-json\/wp\/v2\/pages\/8404","targetHints":{"allow":["GET"]}}],"collection":[{"href":"https:\/\/daisec.de\/en\/wp-json\/wp\/v2\/pages"}],"about":[{"href":"https:\/\/daisec.de\/en\/wp-json\/wp\/v2\/types\/page"}],"author":[{"embeddable":true,"href":"https:\/\/daisec.de\/en\/wp-json\/wp\/v2\/users\/6"}],"replies":[{"embeddable":true,"href":"https:\/\/daisec.de\/en\/wp-json\/wp\/v2\/comments?post=8404"}],"version-history":[{"count":12,"href":"https:\/\/daisec.de\/en\/wp-json\/wp\/v2\/pages\/8404\/revisions"}],"predecessor-version":[{"id":27097,"href":"https:\/\/daisec.de\/en\/wp-json\/wp\/v2\/pages\/8404\/revisions\/27097"}],"up":[{"embeddable":true,"href":"https:\/\/daisec.de\/en\/wp-json\/wp\/v2\/pages\/8397"}],"wp:attachment":[{"href":"https:\/\/daisec.de\/en\/wp-json\/wp\/v2\/media?parent=8404"}],"curies":[{"name":"wp","href":"https:\/\/api.w.org\/{rel}","templated":true}]}}