{"id":8405,"date":"2022-09-19T13:59:32","date_gmt":"2022-09-19T11:59:32","guid":{"rendered":"https:\/\/dih4aisec.eu\/?page_id=8405"},"modified":"2026-01-16T10:19:29","modified_gmt":"2026-01-16T09:19:29","slug":"handwerk","status":"publish","type":"page","link":"https:\/\/daisec.de\/en\/kernsektoren\/handwerk\/","title":{"rendered":"Crafts"},"content":{"rendered":"<div data-colibri-id=\"8405-c1\" class=\"style-4299 style-local-8405-c1 position-relative\">\n  <!---->\n  <div data-colibri-component=\"section\" data-colibri-id=\"8405-c2\" id=\"reusable-sections\" class=\"h-section h-section-global-spacing d-flex align-items-lg-center align-items-md-center align-items-center style-4300 style-local-8405-c2 position-relative\">\n    <!---->\n    <!---->\n    <div class=\"h-section-grid-container h-section-fluid-container\">\n      <!---->\n      <div data-colibri-id=\"8405-c3\" class=\"h-row-container gutters-row-lg-0 gutters-row-md-0 gutters-row-0 gutters-row-v-lg-0 gutters-row-v-md-0 gutters-row-v-0 style-4301 style-local-8405-c3 position-relative\">\n        <!---->\n        <div class=\"h-row justify-content-lg-center justify-content-md-center justify-content-center align-items-lg-stretch align-items-md-stretch align-items-stretch gutters-col-lg-0 gutters-col-md-0 gutters-col-0 gutters-col-v-lg-0 gutters-col-v-md-0 gutters-col-v-0\">\n          <!---->\n          <div class=\"h-column h-column-container d-flex h-col-lg-auto h-col-md-auto h-col-auto style-4306-outer style-local-8405-c4-outer\">\n            <div data-colibri-id=\"8405-c4\" class=\"d-flex h-flex-basis h-column__inner h-ui-empty-state-container h-px-lg-2 h-px-md-2 h-px-2 v-inner-lg-2 v-inner-md-2 v-inner-2 style-4306 style-local-8405-c4 position-relative\">\n              <!---->\n              <!---->\n              <div class=\"w-100 h-y-container h-column__content h-column__v-align flex-basis-100\">\n                <!---->\n              <\/div>\n            <\/div>\n          <\/div>\n          <div class=\"h-column h-column-container d-flex h-col-lg-auto h-col-md-auto h-col-auto style-4302-outer style-local-8405-c5-outer\">\n            <div data-colibri-id=\"8405-c5\" class=\"d-flex h-flex-basis h-column__inner h-px-lg-2 h-px-md-2 h-px-2 v-inner-lg-2 v-inner-md-2 v-inner-2 style-4302 style-local-8405-c5 position-relative\">\n              <!---->\n              <!---->\n              <div class=\"w-100 h-y-container h-column__content h-column__v-align flex-basis-100 align-self-lg-start align-self-md-start align-self-start\">\n                <!---->\n                <div data-colibri-id=\"8405-c6\" class=\"h-text h-text-component style-4304 style-local-8405-c6 position-relative h-element\">\n                  <!---->\n                  <!---->\n                  <div class=\"\">\n                    <p>With around 85,000 businesses, approximately 543,000 employees, 61.2 billion euros in sales and centuries of tradition, the skilled crafts are an important economic factor for the state of Lower Saxony. The importance of the predominantly small-scale craft enterprises stems primarily from their function as suppliers of customer-specific products and services as well as as trainers.\n                      <br>\n                      <br>The heterogeneity of the skilled crafts sector with its 130 professions like in construction and finishing trades, motor vehicle, food and health trades and trades for private and commercial needs could hardly be more diverse. Businesses of the skilled crafts benefit from DAISEC's offerings, which are specially tailored to them.<\/p>\n                  <\/div>\n                <\/div>\n              <\/div>\n            <\/div>\n          <\/div>\n        <\/div>\n      <\/div>\n    <\/div>\n  <\/div>\n  <div data-colibri-component=\"section\" data-colibri-id=\"8405-c7\" id=\"custom\" class=\"h-section h-section-global-spacing d-flex align-items-lg-center align-items-md-center align-items-center style-4385 style-local-8405-c7 position-relative\">\n    <!---->\n    <!---->\n    <div class=\"h-section-grid-container h-section-fluid-container\">\n      <!---->\n      <div data-colibri-id=\"8405-c8\" class=\"h-row-container gutters-row-lg-0 gutters-row-md-0 gutters-row-0 gutters-row-v-lg-0 gutters-row-v-md-0 gutters-row-v-0 style-4386 style-local-8405-c8 position-relative\">\n        <!---->\n        <div class=\"h-row justify-content-lg-center justify-content-md-center justify-content-center align-items-lg-stretch align-items-md-stretch align-items-stretch gutters-col-lg-0 gutters-col-md-0 gutters-col-0 gutters-col-v-lg-0 gutters-col-v-md-0 gutters-col-v-0\">\n          <!---->\n          <div class=\"h-column h-column-container d-flex h-col-lg-auto h-col-md-auto h-col-auto style-4387-outer style-local-8405-c9-outer\">\n            <div data-colibri-id=\"8405-c9\" class=\"d-flex h-flex-basis h-column__inner h-px-lg-2 h-px-md-2 h-px-2 v-inner-lg-2 v-inner-md-2 v-inner-2 style-4387 style-local-8405-c9 position-relative\">\n              <!---->\n              <!---->\n              <div class=\"w-100 h-y-container h-column__content h-column__v-align flex-basis-100 align-self-lg-start align-self-md-start align-self-start\">\n                <!---->\n                <div data-colibri-id=\"8405-c10\" class=\"h-global-transition-all h-heading style-4390 style-local-8405-c10 position-relative h-element\">\n                  <!---->\n                  <div class=\"h-heading__outer style-4390 style-local-8405-c10\">\n                    <!---->\n                    <!---->\n                    <h1 class=\"\">Artificial Intelligence<\/h1>\n                  <\/div>\n                <\/div>\n                <div data-colibri-id=\"8405-c11\" class=\"h-text h-text-component style-4389 style-local-8405-c11 position-relative h-element\">\n                  <!---->\n                  <!---->\n                  <div class=\"\">\n                    <p>According to recent surveys, two-thirds of craft enterprises see digitization as an opportunity in principle. Many craft businesses want to strengthen and develop their <span style=\"font-weight: 400; font-size: 17.64px; font-family: Montserrat; color: rgb(30, 37, 37);\">digital competencies&nbsp;<\/span>, in which we want to support them.<\/p>\n                    <p>The use of AI is currently seen as the completion of the digital transformation. However, this technology still needs to be given a practical application for companies. We support craft businesses in building up a better understanding and decision-making competence around AI-based technologies and how to use them in practice. Tools here are, for example, the\n                      <a href=\"https:\/\/daisec.de\/en\/test-before-invest\/#reifegrad\">Maturity level analysis<\/a> or our\n                      <a href=\"https:\/\/daisec.de\/en\/skills-and-training\/#qualifizierung\">Qualification programs<\/a>.<\/p>\n                  <\/div>\n                <\/div>\n              <\/div>\n            <\/div>\n          <\/div>\n          <div class=\"h-column h-column-container d-flex h-col-lg-auto h-col-md-auto h-col-auto style-4388-outer style-local-8405-c12-outer\">\n            <div data-colibri-id=\"8405-c12\" class=\"d-flex h-flex-basis h-column__inner h-ui-empty-state-container h-px-lg-2 h-px-md-2 h-px-2 v-inner-lg-2 v-inner-md-2 v-inner-2 style-4388 style-local-8405-c12 position-relative\">\n              <!---->\n              <!---->\n              <div class=\"w-100 h-y-container h-column__content h-column__v-align flex-basis-100\">\n                <!---->\n              <\/div>\n            <\/div>\n          <\/div>\n        <\/div>\n      <\/div>\n    <\/div>\n  <\/div>\n  <div data-colibri-component=\"section\" data-colibri-id=\"8405-c13\" id=\"custom\" class=\"h-section h-section-global-spacing d-flex align-items-lg-center align-items-md-center align-items-center style-4391 style-local-8405-c13 position-relative\">\n    <!---->\n    <!---->\n    <div class=\"h-section-grid-container h-section-fluid-container\">\n      <!---->\n      <div data-colibri-id=\"8405-c14\" class=\"h-row-container gutters-row-lg-0 gutters-row-md-0 gutters-row-0 gutters-row-v-lg-0 gutters-row-v-md-0 gutters-row-v-0 style-4386 style-local-8405-c14 position-relative\">\n        <!---->\n        <div class=\"h-row justify-content-lg-center justify-content-md-center justify-content-center align-items-lg-stretch align-items-md-stretch align-items-stretch gutters-col-lg-0 gutters-col-md-0 gutters-col-0 gutters-col-v-lg-0 gutters-col-v-md-0 gutters-col-v-0\">\n          <!---->\n          <div class=\"h-column h-column-container d-flex h-col-lg-auto h-col-md-auto h-col-auto style-4392-outer style-local-8405-c15-outer\">\n            <div data-colibri-id=\"8405-c15\" class=\"d-flex h-flex-basis h-column__inner h-ui-empty-state-container h-px-lg-2 h-px-md-2 h-px-2 v-inner-lg-2 v-inner-md-2 v-inner-2 style-4392 style-local-8405-c15 position-relative\">\n              <!---->\n              <!---->\n              <div class=\"w-100 h-y-container h-column__content h-column__v-align flex-basis-100\">\n                <!---->\n              <\/div>\n            <\/div>\n          <\/div>\n          <div class=\"h-column h-column-container d-flex h-col-lg-auto h-col-md-auto h-col-auto style-4393-outer style-local-8405-c16-outer\">\n            <div data-colibri-id=\"8405-c16\" class=\"d-flex h-flex-basis h-column__inner h-px-lg-2 h-px-md-2 h-px-2 v-inner-lg-2 v-inner-md-2 v-inner-2 style-4393 style-local-8405-c16 position-relative\">\n              <!---->\n              <!---->\n              <div class=\"w-100 h-y-container h-column__content h-column__v-align flex-basis-100 align-self-lg-start align-self-md-start align-self-start\">\n                <!---->\n                <div data-colibri-id=\"8405-c17\" class=\"h-global-transition-all h-heading style-4484 style-local-8405-c17 position-relative h-element\">\n                  <!---->\n                  <div class=\"h-heading__outer style-4484 style-local-8405-c17\">\n                    <!---->\n                    <!---->\n                    <h1 class=\"\">Information security<\/h1>\n                  <\/div>\n                <\/div>\n                <div data-colibri-id=\"8405-c18\" class=\"h-text h-text-component style-4389 style-local-8405-c18 position-relative h-element\">\n                  <!---->\n                  <!---->\n                  <div class=\"\">\n                    <p>The challenges in the area of information security for companies are complex. Numerous businesses in the skilled crafts sector partially overlook dangers and risks for the company. Yet many effective security measures can be implemented quickly and cost little money. Craft enterprises with an emergency concept, aware employees and a professional help in prevention and defense minimize the risks. We support craft enterprises in developing a conceptual understanding and implementing measures for increased cybersecurity.<\/p>\n                  <\/div>\n                <\/div>\n              <\/div>\n            <\/div>\n          <\/div>\n        <\/div>\n      <\/div>\n    <\/div>\n  <\/div>\n<\/div>","protected":false},"excerpt":{"rendered":"<p>Das Handwerk ist mit seinen rund 85.000 Betrieben, ca. 543.000 Besch\u00e4ftigten, 61,2 Mrd. Euro Umsatz und jahrhundertelanger Tradition ein bedeutender Wirtschaftsfaktor f\u00fcr das Land Niedersachsen. Die Bedeutung der \u00fcberwiegend kleinbetrieblichen [&hellip;]<\/p>\n","protected":false},"author":6,"featured_media":0,"parent":8397,"menu_order":0,"comment_status":"closed","ping_status":"closed","template":"page-templates\/full-width-page.php","meta":{"_tec_requires_first_save":true,"_price":"","_stock":"","_tribe_ticket_header":"","_tribe_default_ticket_provider":"","_tribe_ticket_capacity":"0","_ticket_start_date":"","_ticket_end_date":"","_tribe_ticket_show_description":"","_tribe_ticket_show_not_going":false,"_tribe_ticket_use_global_stock":"","_tribe_ticket_global_stock_level":"","_global_stock_mode":"","_global_stock_cap":"","_tribe_rsvp_for_event":"","_tribe_ticket_going_count":"","_tribe_ticket_not_going_count":"","_tribe_tickets_list":"[]","_tribe_ticket_has_attendee_info_fields":false,"_EventAllDay":false,"_EventTimezone":"","_EventStartDate":"","_EventEndDate":"","_EventStartDateUTC":"","_EventEndDateUTC":"","_EventShowMap":false,"_EventShowMapLink":false,"_EventURL":"","_EventCost":"","_EventCostDescription":"","_EventCurrencySymbol":"","_EventCurrencyCode":"","_EventCurrencyPosition":"","_EventDateTimeSeparator":"","_EventTimeRangeSeparator":"","_EventOrganizerID":[],"_EventVenueID":[],"_OrganizerEmail":"","_OrganizerPhone":"","_OrganizerWebsite":"","_VenueAddress":"","_VenueCity":"","_VenueCountry":"","_VenueProvince":"","_VenueState":"","_VenueZip":"","_VenuePhone":"","_VenueURL":"","_VenueStateProvince":"","_VenueLat":"","_VenueLng":"","_VenueShowMap":false,"_VenueShowMapLink":false,"_tribe_blocks_recurrence_rules":"","_tribe_blocks_recurrence_description":"","_tribe_blocks_recurrence_exclusions":"","footnotes":"","_tec_slr_enabled":"","_tec_slr_layout":""},"class_list":["post-8405","page","type-page","status-publish","hentry"],"ticketed":false,"_links":{"self":[{"href":"https:\/\/daisec.de\/en\/wp-json\/wp\/v2\/pages\/8405","targetHints":{"allow":["GET"]}}],"collection":[{"href":"https:\/\/daisec.de\/en\/wp-json\/wp\/v2\/pages"}],"about":[{"href":"https:\/\/daisec.de\/en\/wp-json\/wp\/v2\/types\/page"}],"author":[{"embeddable":true,"href":"https:\/\/daisec.de\/en\/wp-json\/wp\/v2\/users\/6"}],"replies":[{"embeddable":true,"href":"https:\/\/daisec.de\/en\/wp-json\/wp\/v2\/comments?post=8405"}],"version-history":[{"count":1,"href":"https:\/\/daisec.de\/en\/wp-json\/wp\/v2\/pages\/8405\/revisions"}],"predecessor-version":[{"id":26994,"href":"https:\/\/daisec.de\/en\/wp-json\/wp\/v2\/pages\/8405\/revisions\/26994"}],"up":[{"embeddable":true,"href":"https:\/\/daisec.de\/en\/wp-json\/wp\/v2\/pages\/8397"}],"wp:attachment":[{"href":"https:\/\/daisec.de\/en\/wp-json\/wp\/v2\/media?parent=8405"}],"curies":[{"name":"wp","href":"https:\/\/api.w.org\/{rel}","templated":true}]}}