{"id":8945,"date":"2022-09-21T11:28:35","date_gmt":"2022-09-21T09:28:35","guid":{"rendered":"https:\/\/dih4aisec.eu\/?page_id=8945"},"modified":"2024-03-18T08:48:42","modified_gmt":"2024-03-18T07:48:42","slug":"der-hub","status":"publish","type":"page","link":"https:\/\/daisec.de\/en\/ueber-uns\/der-hub\/","title":{"rendered":"The Hub"},"content":{"rendered":"<div data-colibri-id=\"8945-c1\" class=\"style-4166 style-local-8945-c1 position-relative\">\n  <!---->\n  <div data-colibri-component=\"section\" data-colibri-id=\"8945-c2\" id=\"custom\" class=\"h-section h-section-global-spacing d-flex align-items-lg-center align-items-md-center align-items-center style-4171 style-local-8945-c2 position-relative\">\n    <!---->\n    <!---->\n    <div class=\"h-section-grid-container h-section-fluid-container\">\n      <!---->\n      <div data-colibri-id=\"8945-c3\" class=\"h-row-container gutters-row-lg-0 gutters-row-md-0 gutters-row-0 gutters-row-v-lg-0 gutters-row-v-md-0 gutters-row-v-0 style-4172 style-local-8945-c3 position-relative\">\n        <!---->\n        <div class=\"h-row justify-content-lg-center justify-content-md-center justify-content-center align-items-lg-stretch align-items-md-stretch align-items-stretch gutters-col-lg-0 gutters-col-md-0 gutters-col-0 gutters-col-v-lg-0 gutters-col-v-md-0 gutters-col-v-0\">\n          <!---->\n          <div class=\"h-column h-column-container d-flex h-col-lg-auto h-col-md-auto h-col-auto style-4173-outer style-local-8945-c4-outer\">\n            <div data-colibri-id=\"8945-c4\" class=\"d-flex h-flex-basis h-column__inner h-px-lg-2 h-px-md-2 h-px-2 v-inner-lg-2 v-inner-md-2 v-inner-2 style-4173 style-local-8945-c4 position-relative\">\n              <!---->\n              <!---->\n              <div class=\"w-100 h-y-container h-column__content h-column__v-align flex-basis-100 align-self-lg-center align-self-md-center align-self-center\">\n                <!---->\n                <div data-colibri-id=\"8945-c5\" class=\"d-block style-4175 style-local-8945-c5 position-relative h-element\">\n                  <!---->\n                  <div class=\"h-image__frame-container-outer\">\n                    <div class=\"h-image__frame-container\">\n                      <!---->\n                      <!---->\n                      <img decoding=\"async\" width=\"1639\" height=\"850\" data-src=\"https:\/\/daisec.de\/wp-content\/uploads\/2022\/11\/DAISEC-logo-long-color-smaller.png\" class=\"wp-image-10038 style-4175-image style-local-8945-c5-image lazyload\" alt=\"\" data-srcset=\"https:\/\/daisec.de\/wp-content\/uploads\/2022\/11\/DAISEC-logo-long-color-smaller.png 1639w, https:\/\/daisec.de\/wp-content\/uploads\/2022\/11\/DAISEC-logo-long-color-smaller-300x156.png 300w, https:\/\/daisec.de\/wp-content\/uploads\/2022\/11\/DAISEC-logo-long-color-smaller-1024x531.png 1024w, https:\/\/daisec.de\/wp-content\/uploads\/2022\/11\/DAISEC-logo-long-color-smaller-768x398.png 768w, https:\/\/daisec.de\/wp-content\/uploads\/2022\/11\/DAISEC-logo-long-color-smaller-1536x797.png 1536w, https:\/\/daisec.de\/wp-content\/uploads\/2022\/11\/DAISEC-logo-long-color-smaller-18x9.png 18w\" data-sizes=\"(max-width: 1639px) 100vw, 1639px\" src=\"data:image\/svg+xml;base64,PHN2ZyB3aWR0aD0iMSIgaGVpZ2h0PSIxIiB4bWxucz0iaHR0cDovL3d3dy53My5vcmcvMjAwMC9zdmciPjwvc3ZnPg==\" style=\"--smush-placeholder-width: 1639px; --smush-placeholder-aspect-ratio: 1639\/850;\" \/>\n                      <div class=\"h-image__frame h-hide-lg h-hide-md h-hide-sm style-4175-frameImage style-local-8945-c5-frameImage\"><\/div>\n                    <\/div>\n                  <\/div>\n                <\/div>\n              <\/div>\n            <\/div>\n          <\/div>\n          <div class=\"h-column h-column-container d-flex h-col-lg-auto h-col-md-auto h-col-auto style-4174-outer style-local-8945-c6-outer\">\n            <div data-colibri-id=\"8945-c6\" class=\"d-flex h-flex-basis h-column__inner h-px-lg-2 h-px-md-2 h-px-2 v-inner-lg-3 v-inner-md-3 v-inner-3 style-4174 style-local-8945-c6 position-relative\">\n              <!---->\n              <!---->\n              <div class=\"w-100 h-y-container h-column__content h-column__v-align flex-basis-100 align-self-lg-center align-self-md-center align-self-center\">\n                <!---->\n                <div data-colibri-id=\"8945-c7\" class=\"h-text h-text-component style-4178 style-local-8945-c7 position-relative h-element\">\n                  <!---->\n                  <!---->\n                  <div class=\"\">\n                    <p>The European Digital Innovation Hub for AI and Cybersecurity (DAISEC) supports companies and the public sector in Lower Saxony in the application and development of\n                      <a href=\"https:\/\/daisec.de\/en\/kuenstliche-intelligenz\/\"\n                        style=\"color: rgb(214, 214, 214);\">AI technologies<\/a> and\n                      <a href=\"https:\/\/daisec.de\/en\/cybersicherheit\/\" style=\"color: rgb(214, 214, 214);\">Cybersecurity measures<\/a>.<\/p>\n                    <p>The Hub serves as the central point of contact for the target groups, coordinates and bundles partner services, and manages the networking activities.<\/p>\n                  <\/div>\n                <\/div>\n              <\/div>\n            <\/div>\n          <\/div>\n        <\/div>\n      <\/div>\n    <\/div>\n  <\/div>\n  <div data-colibri-component=\"section\" data-colibri-id=\"8945-c8\" id=\"custom-2\" class=\"h-section h-section-global-spacing d-flex align-items-lg-center align-items-md-center align-items-center style-4179 style-local-8945-c8 position-relative\">\n    <!---->\n    <!---->\n    <div class=\"h-section-grid-container h-section-fluid-container\">\n      <!---->\n      <div data-colibri-id=\"8945-c9\" class=\"h-row-container gutters-row-lg-0 gutters-row-md-0 gutters-row-0 gutters-row-v-lg-0 gutters-row-v-md-0 gutters-row-v-0 style-4180 style-local-8945-c9 position-relative\">\n        <!---->\n        <div class=\"h-row justify-content-lg-center justify-content-md-center justify-content-center align-items-lg-stretch align-items-md-stretch align-items-stretch gutters-col-lg-0 gutters-col-md-0 gutters-col-0 gutters-col-v-lg-0 gutters-col-v-md-0 gutters-col-v-0\">\n          <!---->\n          <div class=\"h-column h-column-container d-flex h-col-lg-auto h-col-md-auto h-col-auto style-4181-outer style-local-8945-c10-outer\">\n            <div data-colibri-id=\"8945-c10\" class=\"d-flex h-flex-basis h-column__inner h-px-lg-2 h-px-md-2 h-px-2 v-inner-lg-2 v-inner-md-2 v-inner-2 style-4181 style-local-8945-c10 position-relative\">\n              <!---->\n              <!---->\n              <div class=\"w-100 h-y-container h-column__content h-column__v-align flex-basis-100 align-self-lg-start align-self-md-start align-self-start\">\n                <!---->\n                <div data-colibri-id=\"8945-c11\" class=\"h-global-transition-all h-heading style-4184 style-local-8945-c11 position-relative h-element\">\n                  <!---->\n                  <div data-aos=\"fadeInUp\" class=\"h-heading__outer style-4184 style-local-8945-c11\">\n                    <!---->\n                    <!---->\n                    <h1 class=\"\">Mission<\/h1>\n                  <\/div>\n                <\/div>\n                <div data-colibri-id=\"8945-c12\" data-aos=\"fadeInUp\" class=\"h-text h-text-component style-4183 style-local-8945-c12 position-relative h-element\">\n                  <!---->\n                  <!---->\n                  <div class=\"\">\n                    <p>Our mission as a Digital Innovation Hub is to help companies, especially SMEs, and public institutions<span style=\"color: rgb(243, 255, 254);\"> <\/span>\n                      <a href=\"https:\/\/daisec.de\/en\/ueber-uns\/region\/\" style=\"color: rgb(243, 255, 254);\">in our region<\/a> to support them in their digital transformation. We aim to offer a service package that is as broad and low-threshold as possible and which enables companies and institutions to get started with and apply AI and cybersecurity technologies, regardless of their current stage of development.<\/p>\n                  <\/div>\n                <\/div>\n              <\/div>\n            <\/div>\n          <\/div>\n          <div class=\"h-column h-column-container d-flex h-col-lg-auto h-col-md-auto h-col-auto style-4182-outer style-local-8945-c13-outer\">\n            <div data-colibri-id=\"8945-c13\" class=\"d-flex h-flex-basis h-column__inner h-ui-empty-state-container h-px-lg-2 h-px-md-2 h-px-2 v-inner-lg-2 v-inner-md-2 v-inner-2 style-4182 style-local-8945-c13 position-relative\">\n              <div class=\"background-wrapper\">\n                <div class=\"background-layer background-layer-media-container-lg\">\n                  <!---->\n                  <div class=\"overlay-layer\">\n                    <div class=\"overlay-image-layer\" style=\"background-color: rgb(254, 154, 22); opacity: 0.28;\"><\/div>\n                  <\/div>\n                <\/div>\n                <div class=\"background-layer background-layer-media-container-md\">\n                  <!---->\n                  <div class=\"overlay-layer\">\n                    <div class=\"overlay-image-layer\" style=\"background-color: rgb(254, 154, 22); opacity: 0.28;\"><\/div>\n                  <\/div>\n                <\/div>\n                <div class=\"background-layer background-layer-media-container\">\n                  <!---->\n                  <div class=\"overlay-layer\">\n                    <div class=\"overlay-image-layer\" style=\"background-color: rgb(254, 154, 22); opacity: 0.28;\"><\/div>\n                  <\/div>\n                <\/div>\n              <\/div>\n              <!---->\n              <div class=\"w-100 h-y-container h-column__content h-column__v-align flex-basis-100\">\n                <!---->\n              <\/div>\n            <\/div>\n          <\/div>\n        <\/div>\n      <\/div>\n    <\/div>\n  <\/div>\n  <div data-colibri-component=\"section\" data-colibri-id=\"8945-c14\" id=\"custom-3\" class=\"h-section h-section-global-spacing d-flex align-items-lg-center align-items-md-center align-items-center style-4255 style-local-8945-c14 position-relative\">\n    <!---->\n    <!---->\n    <div class=\"h-section-grid-container h-section-fluid-container\">\n      <!---->\n      <div data-colibri-id=\"8945-c15\" class=\"h-row-container gutters-row-lg-0 gutters-row-md-0 gutters-row-0 gutters-row-v-lg-0 gutters-row-v-md-0 gutters-row-v-0 style-4256 style-local-8945-c15 position-relative\">\n        <!---->\n        <div class=\"h-row justify-content-lg-center justify-content-md-center justify-content-center align-items-lg-stretch align-items-md-stretch align-items-stretch gutters-col-lg-0 gutters-col-md-0 gutters-col-0 gutters-col-v-lg-0 gutters-col-v-md-0 gutters-col-v-0\">\n          <!---->\n          <div class=\"h-column h-column-container d-flex h-col-lg-auto h-col-md-auto h-col-auto style-4257-outer style-local-8945-c16-outer\">\n            <div data-colibri-id=\"8945-c16\" class=\"d-flex h-flex-basis h-column__inner h-ui-empty-state-container h-px-lg-2 h-px-md-2 h-px-2 v-inner-lg-2 v-inner-md-2 v-inner-2 style-4257 style-local-8945-c16 position-relative\">\n              <div class=\"background-wrapper\">\n                <div class=\"background-layer background-layer-media-container-lg\">\n                  <!---->\n                  <div class=\"overlay-layer\">\n                    <div class=\"overlay-image-layer\" style=\"background-color: rgb(61, 140, 137); opacity: 0.34;\"><\/div>\n                  <\/div>\n                <\/div>\n                <div class=\"background-layer background-layer-media-container-md\">\n                  <!---->\n                  <div class=\"overlay-layer\">\n                    <div class=\"overlay-image-layer\" style=\"background-color: rgb(61, 140, 137); opacity: 0.34;\"><\/div>\n                  <\/div>\n                <\/div>\n                <div class=\"background-layer background-layer-media-container\">\n                  <!---->\n                  <div class=\"overlay-layer\">\n                    <div class=\"overlay-image-layer\" style=\"background-color: rgb(61, 140, 137); opacity: 0.34;\"><\/div>\n                  <\/div>\n                <\/div>\n              <\/div>\n              <!---->\n              <div class=\"w-100 h-y-container h-column__content h-column__v-align flex-basis-100\">\n                <!---->\n              <\/div>\n            <\/div>\n          <\/div>\n          <div class=\"h-column h-column-container d-flex h-col-lg-auto h-col-md-auto h-col-auto style-4258-outer style-local-8945-c17-outer\">\n            <div data-colibri-id=\"8945-c17\" class=\"d-flex h-flex-basis h-column__inner h-px-lg-2 h-px-md-2 h-px-2 v-inner-lg-2 v-inner-md-2 v-inner-2 style-4258 style-local-8945-c17 position-relative\">\n              <!---->\n              <!---->\n              <div class=\"w-100 h-y-container h-column__content h-column__v-align flex-basis-100 align-self-lg-start align-self-md-start align-self-start\">\n                <!---->\n                <div data-colibri-id=\"8945-c18\" class=\"h-global-transition-all h-heading style-4531 style-local-8945-c18 position-relative h-element\">\n                  <!---->\n                  <div data-aos=\"fadeInUp\" class=\"h-heading__outer style-4531 style-local-8945-c18\">\n                    <!---->\n                    <!---->\n                    <h1 class=\"\">Structure<\/h1>\n                  <\/div>\n                <\/div>\n                <div data-colibri-id=\"8945-c19\" class=\"h-text h-text-component style-4261 style-local-8945-c19 position-relative h-element\">\n                  <!---->\n                  <!---->\n                  <div class=\"\">\n                    <p>The DAISEC is a non-profit consortium, i.e. an association of several institutions, without profit-making intentions. It consists of various regional institutions, which together form the core and associated\n                      <a href=\"https:\/\/daisec.de\/en\/ueber-uns\/partner\/\" style=\"color: rgb(234, 240, 242);\">Partners<\/a> . Each partner contributes to our four service areas&nbsp;\n                      <a href=\"https:\/\/daisec.de\/en\/test-before-invest\/\">Test technologies<\/a>,\n                      <a href=\"https:\/\/daisec.de\/en\/support-to-find-investments\/\">Funding advice<\/a>,\n                      <a href=\"https:\/\/daisec.de\/en\/skills-and-training\/\">Training courses<\/a> and\n                      <a href=\"https:\/\/daisec.de\/en\/networking\/\">Networking<\/a> through their own offerings and expertise.<\/p>\n                  <\/div>\n                <\/div>\n              <\/div>\n            <\/div>\n          <\/div>\n        <\/div>\n      <\/div>\n    <\/div>\n  <\/div>\n<\/div>","protected":false},"excerpt":{"rendered":"<p>Der European Digital Innovation Hub f\u00fcr KI und Cybersicherheit (DAISEC) unterst\u00fctzt nieders\u00e4chsische Unternehmen und den \u00f6ffentlichen Sektor bei der Anwendung und Entwicklung von KI-Technologien und Cybersecurity-Ma\u00dfnahmen. Der Hub ist dabei [&hellip;]<\/p>\n","protected":false},"author":6,"featured_media":0,"parent":9100,"menu_order":0,"comment_status":"closed","ping_status":"closed","template":"page-templates\/full-width-page.php","meta":{"_tec_requires_first_save":true,"_price":"","_stock":"","_tribe_ticket_header":"","_tribe_default_ticket_provider":"","_tribe_ticket_capacity":"0","_ticket_start_date":"","_ticket_end_date":"","_tribe_ticket_show_description":"","_tribe_ticket_show_not_going":false,"_tribe_ticket_use_global_stock":"","_tribe_ticket_global_stock_level":"","_global_stock_mode":"","_global_stock_cap":"","_tribe_rsvp_for_event":"","_tribe_ticket_going_count":"","_tribe_ticket_not_going_count":"","_tribe_tickets_list":"[]","_tribe_ticket_has_attendee_info_fields":false,"_EventAllDay":false,"_EventTimezone":"","_EventStartDate":"","_EventEndDate":"","_EventStartDateUTC":"","_EventEndDateUTC":"","_EventShowMap":false,"_EventShowMapLink":false,"_EventURL":"","_EventCost":"","_EventCostDescription":"","_EventCurrencySymbol":"","_EventCurrencyCode":"","_EventCurrencyPosition":"","_EventDateTimeSeparator":"","_EventTimeRangeSeparator":"","_EventOrganizerID":[],"_EventVenueID":[],"_OrganizerEmail":"","_OrganizerPhone":"","_OrganizerWebsite":"","_VenueAddress":"","_VenueCity":"","_VenueCountry":"","_VenueProvince":"","_VenueState":"","_VenueZip":"","_VenuePhone":"","_VenueURL":"","_VenueStateProvince":"","_VenueLat":"","_VenueLng":"","_VenueShowMap":false,"_VenueShowMapLink":false,"_tribe_blocks_recurrence_rules":"","_tribe_blocks_recurrence_description":"","_tribe_blocks_recurrence_exclusions":"","footnotes":"","_tec_slr_enabled":"","_tec_slr_layout":""},"class_list":["post-8945","page","type-page","status-publish","hentry"],"ticketed":false,"_links":{"self":[{"href":"https:\/\/daisec.de\/en\/wp-json\/wp\/v2\/pages\/8945","targetHints":{"allow":["GET"]}}],"collection":[{"href":"https:\/\/daisec.de\/en\/wp-json\/wp\/v2\/pages"}],"about":[{"href":"https:\/\/daisec.de\/en\/wp-json\/wp\/v2\/types\/page"}],"author":[{"embeddable":true,"href":"https:\/\/daisec.de\/en\/wp-json\/wp\/v2\/users\/6"}],"replies":[{"embeddable":true,"href":"https:\/\/daisec.de\/en\/wp-json\/wp\/v2\/comments?post=8945"}],"version-history":[{"count":0,"href":"https:\/\/daisec.de\/en\/wp-json\/wp\/v2\/pages\/8945\/revisions"}],"up":[{"embeddable":true,"href":"https:\/\/daisec.de\/en\/wp-json\/wp\/v2\/pages\/9100"}],"wp:attachment":[{"href":"https:\/\/daisec.de\/en\/wp-json\/wp\/v2\/media?parent=8945"}],"curies":[{"name":"wp","href":"https:\/\/api.w.org\/{rel}","templated":true}]}}